






{"id":2050,"date":"2016-02-05T12:24:23","date_gmt":"2016-02-05T12:24:23","guid":{"rendered":"http:\/\/wordpress.templaza.net\/interiart\/?page_id=2050"},"modified":"2025-07-03T01:54:45","modified_gmt":"2025-07-03T01:54:45","slug":"contacto","status":"publish","type":"page","link":"https:\/\/www2.cargoexpreso.com\/cr\/contacto\/","title":{"rendered":"Contacto"},"content":{"rendered":"<p>[vc_row][vc_column]\n<header class=\"tz-header tz-header-type-1\">\n    <div class=\"tz-headerTop\">\n    <div class=\"container\">\n      <div class=\"tz-headerTop-box\">\n        <div class=\"tz-headerLeft pull-left\">\n          <div class=\"tzheader_support\">\n\n\n                        <div class=\"tzheader_wpml\">\n                            <div id=\"lang_sel\">\n                <ul>\n                  <li> <a class=\"lang_sel_sel icl-en\" href=\"#\">\n\t\t\t<img width=\"18\" hieght=\"12\" style=\"padding-right:5px\" src=\"https:\/\/www2.cargoexpreso.com\/cr\/wp-content\/themes\/caex\/images\/costarica.png\" \/>\n                    Costa Rica                    <\/a>\n                    <ul>\n                      <li class=\"icl-vi\"> <a href=\"https:\/\/www.cargoexpreso.com\/\"> <img width=\"18\" hieght=\"12\" src=\"https:\/\/www2.cargoexpreso.com\/cr\/wp-content\/themes\/caex\/images\/guatemala.png\" \/>\n                        Guatemala                        <\/a> <a href=\"https:\/\/www2.cargoexpreso.com\/sv\/\"> <img width=\"18\" hieght=\"12\" src=\"https:\/\/www2.cargoexpreso.com\/cr\/wp-content\/themes\/caex\/images\/salvador.png\" \/>\n                        El Salvador                        <\/a> <a href=\"https:\/\/www2.cargoexpreso.com\/hn\/\"> <img width=\"18\" hieght=\"12\" src=\"https:\/\/www2.cargoexpreso.com\/cr\/wp-content\/themes\/caex\/images\/honduras.png\" \/>\n                        Honduras                        <\/a> <a href=\"https:\/\/www2.cargoexpreso.com\/cr\/\"> <img width=\"18\" hieght=\"12\" src=\"https:\/\/www2.cargoexpreso.com\/cr\/wp-content\/themes\/caex\/images\/costarica.png\" \/>\n                        Costa Rica                        <\/a> <\/li>\n                    <\/ul>\n                  <\/li>\n                <\/ul>\n\n              <\/div>\n\n\n\n                          <\/div> <a style=\"background-color:#b22c3f; color:#ffffff; margin-left: 20px; margin-top: 7px; float: left\" class=\"vc_general vc_btn3 vc_btn3-size-xs vc_btn3-shape-rounded vc_btn3-style-custom\" href=\"https:\/\/www2.cargoexpreso.com\/cr\/cotizador\/\" title=\"\" target=\"_self\">Realiza tu env\u00edo<\/a>\n                                              <\/div>\n        <\/div>\n        <div class=\"tz-headerRight pull-right\">\n          <div class=\"tzheader_support\">\n                        \n\n\n           <\/div>\n        <\/div>\n        <div class=\"tz-headerRight pull-right\">\n\n         <form action=\"https:\/\/www2.cargoexpreso.com\/cr\/tracking\/\" method=\"get\">\n\t\t<button style=\"background:#AD2B3D; color:#FFF; border:none; border-radius: 1px; vertical-align: middle; font-size:12px; height:28px; line-height: 28px; float:right; position:relative; top:1px; left:-2px\" type=\"submit\"><img src=\"https:\/\/www2.cargoexpreso.com\/cr\/wp-content\/themes\/caex\/template_inc\/darrow_right.png\" style=\"height:16px; vertical-align:middle\"><\/button>\n              <input id=\"idguia\" class=\"full\" type=\"text\" placeholder=\"Ingresa tu n\u00famero de gu\u00eda\" name=\"guia\" >\n\t\t<div id=\"tooltipGuia\" style=\"position: relative; display: none; z-index:10; text-align:center\"><div style=\"position: absolute; top:35px; width:100%; text-aling:center; font-size:12px; background: #333E65; padding: 5px; color:#FFF; border-radius: 3px; box-shadow: 1px 1px 2px rgba(0.30,0,0,0)\">Ingresar el n\u00famero de gu\u00eda completo<br>(incluir las letras SE\/CD\/SS\/SC\/ o WW)<\/div><\/div>\n         <\/form>\n          <ul class=\"tzheader_social\">\n\n\n                                                                                                                                              <\/ul>\n        <\/div>\n      <\/div>\n    <\/div>\n    <!--end class container-->\n  <\/div>\n      <div class=\"tz-headerBottom \">\n    <div class=\"tz-headerBottom-box container\">\n            <a class=\"pull-left tz_logo\" href=\"https:\/\/www2.cargoexpreso.com\/cr\" title=\"CARGO EXPRESO Paqueter\u00eda\" >\n      <img class=\"logo_lager\" src=\"https:\/\/www.cargoexpreso.com\/cr\/wp-content\/uploads\/2017\/01\/logo-4.png\" alt=\"CARGO EXPRESO Paqueter\u00eda\" \/>      <\/a>\n            <div class=\"tz-header-search pull-right\"> <span aria-hidden='true' class='icon_search tz_icon_search'><\/span> <span aria-hidden='true' class='icon_close tz_icon_close'><\/span>\n        <div class=\"tz-header-search-form\">\n              <form method=\"get\" class=\"searchform\" action=\"https:\/\/www2.cargoexpreso.com\/cr\/\">\r\n        <label class=\"icon-search\">&nbsp;<\/label>\r\n        <label class=\"assistive-text assistive-tzsearch\">Search<\/label>\r\n        <input type=\"text\" class=\"field Tzsearchform inputbox search-query\" name=\"s\" placeholder=\"Search...\" \/>\r\n        <input type=\"submit\" class=\"submit searchsubmit\" name=\"submit\" value=\"Search\" \/>\r\n        <span aria-hidden='true' class='icon_search'><\/span>\r\n    <\/form>\r\n        <\/div>\n      <\/div>\n      <button type=\"button\" class=\"navbar-toggle collapsed\" data-toggle=\"collapse\" data-target=\"#tz-navbar-collapse\"> <i class=\"fa fa-bars\"><\/i> <\/button>\n      <nav class=\"pull-right\">\n        <ul id=\"tz-navbar-collapse\" class=\"nav navbar-nav collapse navbar-collapse pull-left tz-nav themeple_megemenu\"><li id=\"menu-item-2760\" class=\"menu-item menu-item-type-post_type menu-item-object-page menu-item-home\"><a href=\"https:\/\/www2.cargoexpreso.com\/cr\/\">Inicio<\/a><\/li>\n<li id=\"menu-item-2771\" class=\"menu-item menu-item-type-post_type menu-item-object-page\"><a href=\"https:\/\/www2.cargoexpreso.com\/cr\/servicios\/\">Servicios<\/a><\/li>\n<li id=\"menu-item-2744\" class=\"menu-item menu-item-type-post_type menu-item-object-page\"><a href=\"https:\/\/www2.cargoexpreso.com\/cr\/cotizador\/\">Cotizador<\/a><\/li>\n<li id=\"menu-item-3015\" class=\"menu-item menu-item-type-post_type menu-item-object-page\"><a href=\"https:\/\/www2.cargoexpreso.com\/cr\/agencias\/\">Agencias<\/a><\/li>\n<li id=\"menu-item-2725\" class=\"menu-item menu-item-type-post_type menu-item-object-page\"><a href=\"https:\/\/www2.cargoexpreso.com\/cr\/contacto\/\">Contacto<\/a><\/li>\n<li id=\"menu-item-3588\" class=\"menu-item menu-item-type-custom menu-item-object-custom\"><a href=\"https:\/\/ws.caexlogistics.com\/WebSolSer\/Login.aspx\">Portal<\/a><\/li>\n<\/ul>      <\/nav>\n    <\/div>\n    <!--end class container-->\n  <\/div>\n<\/header>\n[\/vc_column][\/vc_row][vc_row][vc_column css=&#8221;.vc_custom_1490922232748{margin-top: 150px !important;}&#8221;][vc_column_text css=&#8221;.vc_custom_1489771227410{padding-top: 200px !important;padding-bottom: 200px !important;background-image: url(https:\/\/www.cargoexpreso.com\/hn\/\/wp-content\/uploads\/2017\/01\/contacto.jpg?id=3572) !important;background-position: center !important;background-repeat: no-repeat !important;background-size: cover !important;}&#8221;]<\/p>\n<h1 style=\"text-align: center;\"><span style=\"color: #ffffff;\"><strong>CONTACTO<\/strong><\/span><\/h1>\n<p>[\/vc_column_text][\/vc_column][\/vc_row][vc_row][vc_column css=&#8221;.vc_custom_1488580455516{margin-top: 50px !important;}&#8221;][vc_btn title=&#8221;PBX +506 7057-3397&#8243; style=&#8221;custom&#8221; custom_background=&#8221;#334066&#8243; custom_text=&#8221;#ffffff&#8221; size=&#8221;lg&#8221; align=&#8221;center&#8221; link=&#8221;url:callto%3A%2B506%2070573397|||&#8221; el_class=&#8221;btn_telefono&#8221;][vc_btn title=&#8221;NOS GUSTARIA CONOCER TU OPINION&#8221; style=&#8221;custom&#8221; custom_background=&#8221;#b22c3f&#8221; custom_text=&#8221;#ffffff&#8221; size=&#8221;lg&#8221; align=&#8221;center&#8221; link=&#8221;url:https%3A%2F%2Fconnect.almotechnology.com%2Fweb%2Findexp.php%3Fusr%3Dvclientecr%26token%3D6a2d13c404d05f7f91e5adaa29e02288609e2bc3|||&#8221; el_class=&#8221;link_encuesta&#8221;][vc_column_text]<\/p>\n<p>I am text block. Click edit button to change this text. Lorem ipsum dolor sit amet, consectetur adipiscing elit. Ut elit tellus, luctus nec ullamcorper mattis, pulvinar dapibus leo.<\/p>\n<p>[\/vc_column_text][\/vc_column][\/vc_row][vc_row tz_row_type=&#8221;grid&#8221;][vc_column tz_css_animation=&#8221;top-to-bottom&#8221; css=&#8221;.vc_custom_1487032529121{margin-top: 80px !important;}&#8221;]\r\n    <div class=\"tzElement-title tz-title-type-3\">\r\r\n        \r\n            <span class=\"tzTitle\" >D\u00c9JANOS TUS <em>COMENTARIOS Y SUGERENCIAS<\/em>\r\n            <\/span>\r\r\n            \r\n\r\r\n        \r\n\r\r\n        <p class=\"tzDescription\" ><\/p>\r\r\n    <\/div>\r\r\n    [vc_single_image image=&#8221;2701&#8243; img_size=&#8221;full&#8221; alignment=&#8221;center&#8221; css=&#8221;.vc_custom_1485040446021{margin-top: 10px !important;margin-bottom: 50px !important;}&#8221;][\/vc_column][\/vc_row][vc_row tz_row_type=&#8221;grid&#8221; css=&#8221;.vc_custom_1487033730486{margin-bottom: 40px !important;}&#8221;][vc_column width=&#8221;1\/4&#8243; tz_css_animation=&#8221;top-to-bottom&#8221;][vc_column_text]<\/p>\n<p>I am text block. Click edit button to change this text. Lorem ipsum dolor sit amet, consectetur adipiscing elit. Ut elit tellus, luctus nec ullamcorper mattis, pulvinar dapibus leo.<\/p>\n<p>[\/vc_column_text][\/vc_column][vc_column width=&#8221;3\/4&#8243; tz_css_animation=&#8221;top-to-bottom&#8221; el_class=&#8221;inputs&#8221;][vc_column_text]<\/p>\n<p>I am text block. Click edit button to change this text. Lorem ipsum dolor sit amet, consectetur adipiscing elit. Ut elit tellus, luctus nec ullamcorper mattis, pulvinar dapibus leo.<\/p>\n<p>[\/vc_column_text][\/vc_column][\/vc_row][vc_row tz_row_type=&#8221;grid&#8221;][vc_column tz_css_animation=&#8221;top-to-bottom&#8221;][vc_separator css=&#8221;.vc_custom_1486412932890{margin-top: 80px !important;margin-bottom: 80px !important;}&#8221;][\/vc_column][\/vc_row][vc_row tz_row_type=&#8221;grid&#8221;][vc_column tz_css_animation=&#8221;top-to-bottom&#8221;]\r\n    <div class=\"tzElement-title tz-title-type-3\">\r\r\n        \r\n            <span class=\"tzTitle\" >PREGUNTAS <em>FRECUENTES<\/em>\r\n            <\/span>\r\r\n            \r\n\r\r\n        \r\n\r\r\n        <p class=\"tzDescription\" ><\/p>\r\r\n    <\/div>\r\r\n    [vc_single_image image=&#8221;2701&#8243; img_size=&#8221;full&#8221; alignment=&#8221;center&#8221; css=&#8221;.vc_custom_1485362032062{margin-top: 10px !important;margin-bottom: 50px !important;}&#8221;][\/vc_column][\/vc_row][vc_row tz_row_type=&#8221;grid&#8221; css=&#8221;.vc_custom_1485362864274{margin-bottom: 80px !important;}&#8221;][vc_column tz_css_animation=&#8221;top-to-bottom&#8221;][vc_tta_accordion][vc_tta_section title=&#8221;\u00bfQu\u00e9 sucede si la direcci\u00f3n de mi pieza est\u00e1 incorrecta?&#8221; tab_id=&#8221;1485362054935-6a51677d-3249&#8243;][vc_column_text]<\/p>\n<p>I am text block. Click edit button to change this text. Lorem ipsum dolor sit amet, consectetur adipiscing elit. Ut elit tellus, luctus nec ullamcorper mattis, pulvinar dapibus leo.<\/p>\n<p>[\/vc_column_text][\/vc_tta_section][vc_tta_section title=&#8221;\u00bfEn d\u00f3nde puedo averiguar si mi pieza ya fue entregada?&#8221; tab_id=&#8221;1485362054960-957e80b4-29a9&#8243;][vc_column_text]<\/p>\n<p>I am text block. Click edit button to change this text. Lorem ipsum dolor sit amet, consectetur adipiscing elit. Ut elit tellus, luctus nec ullamcorper mattis, pulvinar dapibus leo.<\/p>\n<p>[\/vc_column_text][\/vc_tta_section][vc_tta_section title=&#8221;\u00bfC\u00f3mo calculo el volumen de mi pieza?&#8221; tab_id=&#8221;1485362229715-7bed9d9c-be25&#8243;][vc_column_text]<\/p>\n<p>I am text block. Click edit button to change this text. Lorem ipsum dolor sit amet, consectetur adipiscing elit. Ut elit tellus, luctus nec ullamcorper mattis, pulvinar dapibus leo.<\/p>\n<p>[\/vc_column_text][\/vc_tta_section][vc_tta_section title=&#8221;\u00bfPara determinar una tarifa, es por peso o por tama\u00f1o?&#8221; tab_id=&#8221;1485362231125-749d01d7-a682&#8243;][vc_column_text]<\/p>\n<p>I am text block. Click edit button to change this text. Lorem ipsum dolor sit amet, consectetur adipiscing elit. Ut elit tellus, luctus nec ullamcorper mattis, pulvinar dapibus leo.<\/p>\n<p>[\/vc_column_text][\/vc_tta_section][vc_tta_section title=&#8221;\u00bfC\u00f3mo debo empacar mi pieza?&#8221; tab_id=&#8221;1485362232174-bf1f243e-df37&#8243;][vc_column_text]<\/p>\n<p>I am text block. Click edit button to change this text. Lorem ipsum dolor sit amet, consectetur adipiscing elit. Ut elit tellus, luctus nec ullamcorper mattis, pulvinar dapibus leo.<\/p>\n<p>[\/vc_column_text][\/vc_tta_section][vc_tta_section title=&#8221;\u00bfDebo llevar mi pieza empacada?&#8221; tab_id=&#8221;1485362435830-e5813dc1-e86e&#8221;][vc_column_text]<\/p>\n<p>I am text block. Click edit button to change this text. Lorem ipsum dolor sit amet, consectetur adipiscing elit. Ut elit tellus, luctus nec ullamcorper mattis, pulvinar dapibus leo.<\/p>\n<p>[\/vc_column_text][\/vc_tta_section][vc_tta_section title=&#8221;\u00bfEn cu\u00e1ntos d\u00edas entregan mi env\u00edo?&#8221; tab_id=&#8221;1485362510119-afc4cd27-5749&#8243;][vc_column_text]<\/p>\n<p>I am text block. Click edit button to change this text. Lorem ipsum dolor sit amet, consectetur adipiscing elit. Ut elit tellus, luctus nec ullamcorper mattis, pulvinar dapibus leo.<\/p>\n<p>[\/vc_column_text][\/vc_tta_section][vc_tta_section title=&#8221;\u00bfQu\u00e9 hago para asegurar una pieza que tiene un valor mayor a $100.00?&#8221; tab_id=&#8221;1485362551525-cba44f47-46dc&#8221;][vc_column_text]<\/p>\n<p>I am text block. Click edit button to change this text. Lorem ipsum dolor sit amet, consectetur adipiscing elit. Ut elit tellus, luctus nec ullamcorper mattis, pulvinar dapibus leo.<\/p>\n<p>[\/vc_column_text][\/vc_tta_section][\/vc_tta_accordion][\/vc_column][\/vc_row]<\/p>\n","protected":false},"excerpt":{"rendered":"<p>[vc_row][vc_column][\/vc_column][\/vc_row][vc_row][vc_column css=&#8221;.vc_custom_1490922232748{margin-top: 150px !important;}&#8221;][vc_column_text css=&#8221;.vc_custom_1489771227410{padding-top: 200px !important;padding-bottom: 200px !important;background-image: url(https:\/\/www.cargoexpreso.com\/hn\/\/wp-content\/uploads\/2017\/01\/contacto.jpg?id=3572) !important;background-position: center !important;background-repeat: no-repeat !important;background-size: cover !important;}&#8221;] CONTACTO [\/vc_column_text][\/vc_column][\/vc_row][vc_row][vc_column css=&#8221;.vc_custom_1488580455516{margin-top: 50px !important;}&#8221;][vc_btn title=&#8221;PBX +506 7057-3397&#8243; style=&#8221;custom&#8221; custom_background=&#8221;#334066&#8243; custom_text=&#8221;#ffffff&#8221; size=&#8221;lg&#8221; align=&#8221;center&#8221; link=&#8221;url:callto%3A%2B506%2070573397|||&#8221; el_class=&#8221;btn_telefono&#8221;][vc_btn title=&#8221;NOS GUSTARIA CONOCER TU OPINION&#8221; style=&#8221;custom&#8221; custom_background=&#8221;#b22c3f&#8221; custom_text=&#8221;#ffffff&#8221; size=&#8221;lg&#8221; align=&#8221;center&#8221; link=&#8221;url:https%3A%2F%2Fconnect.almotechnology.com%2Fweb%2Findexp.php%3Fusr%3Dvclientecr%26token%3D6a2d13c404d05f7f91e5adaa29e02288609e2bc3|||&#8221; el_class=&#8221;link_encuesta&#8221;][vc_column_text] I am text block. Click edit button to change this text. [&hellip;]<\/p>\n","protected":false},"author":1,"featured_media":0,"parent":0,"menu_order":0,"comment_status":"closed","ping_status":"closed","template":"template-homepage.php","meta":[],"_links":{"self":[{"href":"https:\/\/www2.cargoexpreso.com\/cr\/wp-json\/wp\/v2\/pages\/2050"}],"collection":[{"href":"https:\/\/www2.cargoexpreso.com\/cr\/wp-json\/wp\/v2\/pages"}],"about":[{"href":"https:\/\/www2.cargoexpreso.com\/cr\/wp-json\/wp\/v2\/types\/page"}],"author":[{"embeddable":true,"href":"https:\/\/www2.cargoexpreso.com\/cr\/wp-json\/wp\/v2\/users\/1"}],"replies":[{"embeddable":true,"href":"https:\/\/www2.cargoexpreso.com\/cr\/wp-json\/wp\/v2\/comments?post=2050"}],"version-history":[{"count":103,"href":"https:\/\/www2.cargoexpreso.com\/cr\/wp-json\/wp\/v2\/pages\/2050\/revisions"}],"predecessor-version":[{"id":3829,"href":"https:\/\/www2.cargoexpreso.com\/cr\/wp-json\/wp\/v2\/pages\/2050\/revisions\/3829"}],"wp:attachment":[{"href":"https:\/\/www2.cargoexpreso.com\/cr\/wp-json\/wp\/v2\/media?parent=2050"}],"curies":[{"name":"wp","href":"https:\/\/api.w.org\/{rel}","templated":true}]}}