






{"id":2737,"date":"2017-01-21T20:32:46","date_gmt":"2017-01-21T20:32:46","guid":{"rendered":"http:\/\/4amdigitals.com\/caex\/?page_id=2737"},"modified":"2018-05-03T21:02:04","modified_gmt":"2018-05-03T21:02:04","slug":"quienes-somos","status":"publish","type":"page","link":"https:\/\/www2.cargoexpreso.com\/sv\/quienes-somos\/","title":{"rendered":"\u00bfQui\u00e9nes somos?"},"content":{"rendered":"<p>[vc_row][vc_column]\n<header class=\"tz-header tz-header-type-1\">\n    <div class=\"tz-headerTop\">\n    <div class=\"container\">\n      <div class=\"tz-headerTop-box\">\n        <div class=\"tz-headerLeft pull-left\">\n          <div class=\"tzheader_support\">\n\n\n                        <div class=\"tzheader_wpml\">\n                            <div id=\"lang_sel\">\n                <ul>\n                  <li> <a class=\"lang_sel_sel icl-en\" href=\"#\">  <img width=\"18\" hieght=\"12\" src=\"https:\/\/www2.cargoexpreso.com\/sv\/wp-content\/themes\/caex\/images\/salvador.png\" style=\"padding-right:5px\" \/>\n                    El Salvador                    <\/a>\n                    <ul>\n                      <li class=\"icl-vi\"> <a href=\"https:\/\/www.cargoexpreso.com\/\"> <img width=\"18\" hieght=\"12\" src=\"https:\/\/www2.cargoexpreso.com\/sv\/wp-content\/themes\/caex\/images\/guatemala.png\" \/>\n                        Guatemala                        <\/a> <a href=\"https:\/\/www2.cargoexpreso.com\/sv\/\"> <img width=\"18\" hieght=\"12\" src=\"https:\/\/www2.cargoexpreso.com\/sv\/wp-content\/themes\/caex\/images\/salvador.png\" \/>\n                        El Salvador                        <\/a> <a href=\"https:\/\/www2.cargoexpreso.com\/hn\/\"> <img width=\"18\" hieght=\"12\" src=\"https:\/\/www2.cargoexpreso.com\/sv\/wp-content\/themes\/caex\/images\/honduras.png\" \/>\n                        Honduras                        <\/a> <a href=\"https:\/\/www2.cargoexpreso.com\/cr\/\"> <img width=\"18\" hieght=\"12\" src=\"https:\/\/www2.cargoexpreso.com\/sv\/wp-content\/themes\/caex\/images\/costarica.png\" \/>\n                        Costa Rica                        <\/a> <\/li>\n                    <\/ul>\n                  <\/li>\n                <\/ul>\n\n              <\/div>\n\n\n\n                          <\/div> <a style=\"background-color:#b22c3f; color:#ffffff; margin-left: 20px; margin-top: 7px; float: left\" class=\"vc_general vc_btn3 vc_btn3-size-xs vc_btn3-shape-rounded vc_btn3-style-custom\" href=\"https:\/\/www2.cargoexpreso.com\/sv\/cotizador\/\" title=\"\" target=\"_self\">Realiza tu env\u00edo<\/a>\n                                              <\/div>\n        <\/div>\n        <div class=\"tz-headerRight pull-right\">\n          <div class=\"tzheader_support\">\n                        \n\n\n           <\/div>\n        <\/div>\n        <div class=\"tz-headerRight pull-right\">\n\n         <form action=\"https:\/\/www2.cargoexpreso.com\/sv\/tracking\/\" method=\"get\">\n\t\t<button style=\"background:#AD2B3D; color:#FFF; border:none; border-radius: 1px; vertical-align: middle; font-size:12px; height:28px; line-height: 28px; float:right; position:relative; top:1px; left:-2px\" type=\"submit\"><img src=\"https:\/\/www2.cargoexpreso.com\/sv\/wp-content\/themes\/caex\/template_inc\/darrow_right.png\" style=\"height:16px; vertical-align:middle\"><\/button>\n              <input id=\"idguia\" class=\"full\" type=\"text\" placeholder=\"Ingresa tu n\u00famero de gu\u00eda\" name=\"guia\" >\n\t\t<div id=\"tooltipGuia\" style=\"position: relative; display: none; z-index:10; text-align:center\"><div style=\"position: absolute; top:35px; width:100%; text-aling:center; font-size:12px; background: #333E65; padding: 5px; color:#FFF; border-radius: 3px; box-shadow: 1px 1px 2px rgba(0.30,0,0,0)\">Ingresar el n\u00famero de gu\u00eda completo<br>(incluir las letras SE\/CD\/SS\/SC\/ o WW)<\/div><\/div>\n         <\/form>\n          <ul class=\"tzheader_social\">\n\n\n                                                                                                                                              <\/ul>\n        <\/div>\n      <\/div>\n    <\/div>\n    <!--end class container-->\n  <\/div>\n      <div class=\"tz-headerBottom \">\n    <div class=\"tz-headerBottom-box container\">\n            <a class=\"pull-left tz_logo\" href=\"https:\/\/www2.cargoexpreso.com\/sv\" title=\"Cargo Expreso\" >\n      <img class=\"logo_lager\" src=\"https:\/\/www.cargoexpreso.com\/sv\/wp-content\/uploads\/2017\/01\/logo-4.png\" alt=\"Cargo Expreso\" \/>      <\/a>\n            <div class=\"tz-header-search pull-right\"> <span aria-hidden='true' class='icon_search tz_icon_search'><\/span> <span aria-hidden='true' class='icon_close tz_icon_close'><\/span>\n        <div class=\"tz-header-search-form\">\n              <form method=\"get\" class=\"searchform\" action=\"https:\/\/www2.cargoexpreso.com\/sv\/\">\r\n        <label class=\"icon-search\">&nbsp;<\/label>\r\n        <label class=\"assistive-text assistive-tzsearch\">Search<\/label>\r\n        <input type=\"text\" class=\"field Tzsearchform inputbox search-query\" name=\"s\" placeholder=\"Search...\" \/>\r\n        <input type=\"submit\" class=\"submit searchsubmit\" name=\"submit\" value=\"Search\" \/>\r\n        <span aria-hidden='true' class='icon_search'><\/span>\r\n    <\/form>\r\n        <\/div>\n      <\/div>\n      <button type=\"button\" class=\"navbar-toggle collapsed\" data-toggle=\"collapse\" data-target=\"#tz-navbar-collapse\"> <i class=\"fa fa-bars\"><\/i> <\/button>\n      <nav class=\"pull-right\">\n        <ul id=\"tz-navbar-collapse\" class=\"nav navbar-nav collapse navbar-collapse pull-left tz-nav themeple_megemenu\"><li id=\"menu-item-2760\" class=\"menu-item menu-item-type-post_type menu-item-object-page menu-item-home\"><a href=\"https:\/\/www2.cargoexpreso.com\/sv\/\">Inicio<\/a><\/li>\n<li id=\"menu-item-2771\" class=\"menu-item menu-item-type-post_type menu-item-object-page\"><a href=\"https:\/\/www2.cargoexpreso.com\/sv\/servicios\/\">Servicios<\/a><\/li>\n<li id=\"menu-item-2739\" class=\"menu-item menu-item-type-post_type menu-item-object-page\"><a href=\"https:\/\/www2.cargoexpreso.com\/sv\/quienes-somos\/\">Somos<\/a><\/li>\n<li id=\"menu-item-2744\" class=\"menu-item menu-item-type-post_type menu-item-object-page\"><a href=\"https:\/\/www2.cargoexpreso.com\/sv\/cotizador\/\">Cotizador<\/a><\/li>\n<li id=\"menu-item-3015\" class=\"menu-item menu-item-type-post_type menu-item-object-page\"><a href=\"https:\/\/www2.cargoexpreso.com\/sv\/agencias\/\">Agencias<\/a><\/li>\n<li id=\"menu-item-2725\" class=\"menu-item menu-item-type-post_type menu-item-object-page\"><a href=\"https:\/\/www2.cargoexpreso.com\/sv\/contacto\/\">Contacto<\/a><\/li>\n<li id=\"menu-item-3588\" class=\"menu-item menu-item-type-custom menu-item-object-custom\"><a href=\"https:\/\/ws.caexlogistics.com\/WebSolSer\/Login.aspx\">Portal<\/a><\/li>\n<\/ul>      <\/nav>\n    <\/div>\n    <!--end class container-->\n  <\/div>\n<\/header>\n[\/vc_column][\/vc_row][vc_row][vc_column css=&#8221;.vc_custom_1490922154382{margin-top: 150px !important;}&#8221;][vc_column_text css=&#8221;.vc_custom_1493221858590{padding-top: 200px !important;padding-bottom: 200px !important;background-image: url(https:\/\/www.cargoexpreso.com\/cr\/\/wp-content\/uploads\/2017\/01\/somos.jpg?id=3470) !important;}&#8221;]<\/p>\n<h1 style=\"text-align: center;\"><span style=\"color: #ffffff;\"><strong>\u00bfQUI\u00c9NES SOMOS?<\/strong><\/span><\/h1>\n<p>[\/vc_column_text][\/vc_column][\/vc_row][vc_row tz_row_type=&#8221;grid&#8221;][vc_column tz_css_animation=&#8221;top-to-bottom&#8221; css=&#8221;.vc_custom_1487032155501{margin-top: 80px !important;}&#8221;]\r\n    <div class=\"tzElement-title tz-title-type-3\">\r\r\n        \r\n            <span class=\"tzTitle\" >EXPERTOS EN <em>LOG\u00cdSTICA<\/em> \r\n            <\/span>\r\r\n            \r\n\r\r\n        \r\n\r\r\n        <p class=\"tzDescription\" ><\/p>\r\r\n    <\/div>\r\r\n    [vc_single_image image=&#8221;2701&#8243; img_size=&#8221;full&#8221; alignment=&#8221;center&#8221; css=&#8221;.vc_custom_1485217257822{margin-top: 10px !important;margin-bottom: 50px !important;}&#8221;][\/vc_column][\/vc_row][vc_row tz_row_type=&#8221;grid&#8221; css=&#8221;.vc_custom_1485208540522{margin-bottom: 80px !important;}&#8221;][vc_column width=&#8221;1\/2&#8243; tz_css_animation=&#8221;top-to-bottom&#8221; css=&#8221;.vc_custom_1487009442190{margin-bottom: 40px !important;}&#8221;][vc_column_text]<\/p>\n<h4>Por m\u00e1s de 30 a\u00f1os CARGO EXPRESO se ha dedicado a cubrir eficientemente las necesidades de manejo de documentos, paquetes y log\u00edstica en general de importantes empresas en la regi\u00f3n, el fruto de esta labor es la confianza que nuestros clientes depositan en nosotros.<\/h4>\n<p>[\/vc_column_text][\/vc_column][vc_column width=&#8221;1\/2&#8243; tz_css_animation=&#8221;top-to-bottom&#8221;][vc_column_text]<\/p>\n<h4>El entender su negocio y la importancia de cumplir en brindar un servicio de excelente calidad, garantizando recolecci\u00f3n y entrega en el lugar y hora que el cliente necesita, es la forma en que pagamos esta confianza.<\/h4>\n<p>[\/vc_column_text][\/vc_column][\/vc_row][vc_row css_animation=&#8221;fadeInDown&#8221; tz_row_type=&#8221;grid&#8221;][vc_column tz_css_animation=&#8221;top-to-bottom&#8221;]\r\n    <div class=\"tzElement-title tz-title-type-3\">\r\r\n        \r\n            <span class=\"tzTitle\" >NUESTROS <em>VALORES<\/em> \r\n            <\/span>\r\r\n            \r\n\r\r\n        \r\n\r\r\n        <p class=\"tzDescription\" ><\/p>\r\r\n    <\/div>\r\r\n    [vc_single_image image=&#8221;2701&#8243; img_size=&#8221;full&#8221; alignment=&#8221;center&#8221; css=&#8221;.vc_custom_1485217257822{margin-top: 10px !important;margin-bottom: 50px !important;}&#8221;][\/vc_column][\/vc_row][vc_row css_animation=&#8221;top-to-bottom&#8221; tz_row_type=&#8221;grid&#8221; css=&#8221;.vc_custom_1486761867321{margin-bottom: 80px !important;}&#8221;][vc_column width=&#8221;1\/2&#8243; tz_css_animation=&#8221;top-to-bottom&#8221; css=&#8221;.vc_custom_1486765846255{margin-bottom: 40px !important;}&#8221;][vc_column_text]<\/p>\n<h4><b>Honestidad<\/b><\/h4>\n<h4>Es obrar y hablar con la verdad, actuar con obediencia y honradez.<\/h4>\n<h4><b>Responsabilidad<\/b><\/h4>\n<h4>Es cumplir con el deber de asumir las consecuencias de mis actos.<\/h4>\n<p>[\/vc_column_text][\/vc_column][vc_column width=&#8221;1\/2&#8243; tz_css_animation=&#8221;top-to-bottom&#8221;][vc_column_text]<\/p>\n<h4><b>Respeto<\/b><\/h4>\n<h4>Es apreciar y valorar mi persona, as\u00ed como a los dem\u00e1s y lo que me rodea.<\/h4>\n<h4><b>Orden<\/b><\/h4>\n<h4>Es el conjunto de normas para la organizaci\u00f3n de las cosas, la distribuci\u00f3n del tiempo, y la realizaci\u00f3n de toda actividad humana.<\/h4>\n<p>[\/vc_column_text][\/vc_column][\/vc_row][vc_row][vc_column tz_css_animation=&#8221;top-to-bottom&#8221;][vc_single_image image=&#8221;3059&#8243; img_size=&#8221;full&#8221; alignment=&#8221;center&#8221; css=&#8221;.vc_custom_1485451729017{margin-bottom: 50px !important;}&#8221;][\/vc_column][\/vc_row][vc_row css_animation=&#8221;fadeInDown&#8221; tz_row_type=&#8221;grid&#8221; css=&#8221;.vc_custom_1486764799404{margin-bottom: 80px !important;}&#8221;][vc_column width=&#8221;1\/2&#8243; tz_css_animation=&#8221;top-to-bottom&#8221; css=&#8221;.vc_custom_1486765807552{margin-bottom: 40px !important;}&#8221;][vc_column_text]<\/p>\n<h4>Contamos con experiencia de m\u00e1s de 50 a\u00f1os en la administraci\u00f3n de valores, seguridad, log\u00edstica y paqueter\u00eda. Somos una corporaci\u00f3n l\u00edder que brinda servicios innovadores, eficientes y de alta calidad.<\/h4>\n<p>[\/vc_column_text][\/vc_column][vc_column width=&#8221;1\/2&#8243; tz_css_animation=&#8221;top-to-bottom&#8221;][vc_column_text]<\/p>\n<h4>El compromiso, la confianza y la responsabilidad son elementos que han marcado nuestra trayectoria. En la actualidad contamos con m\u00e1s de 13,000 colaboradores, y operaciones en Centroam\u00e9rica, Panam\u00e1 y Estados Unidos.<\/h4>\n<p>[\/vc_column_text][\/vc_column][\/vc_row]<\/p>\n","protected":false},"excerpt":{"rendered":"<p>[vc_row][vc_column][\/vc_column][\/vc_row][vc_row][vc_column css=&#8221;.vc_custom_1490922154382{margin-top: 150px !important;}&#8221;][vc_column_text css=&#8221;.vc_custom_1493221858590{padding-top: 200px !important;padding-bottom: 200px !important;background-image: url(https:\/\/www.cargoexpreso.com\/cr\/\/wp-content\/uploads\/2017\/01\/somos.jpg?id=3470) !important;}&#8221;] \u00bfQUI\u00c9NES SOMOS? [\/vc_column_text][\/vc_column][\/vc_row][vc_row tz_row_type=&#8221;grid&#8221;][vc_column tz_css_animation=&#8221;top-to-bottom&#8221; css=&#8221;.vc_custom_1487032155501{margin-top: 80px !important;}&#8221;][vc_single_image image=&#8221;2701&#8243; img_size=&#8221;full&#8221; alignment=&#8221;center&#8221; css=&#8221;.vc_custom_1485217257822{margin-top: 10px !important;margin-bottom: 50px !important;}&#8221;][\/vc_column][\/vc_row][vc_row tz_row_type=&#8221;grid&#8221; css=&#8221;.vc_custom_1485208540522{margin-bottom: 80px !important;}&#8221;][vc_column width=&#8221;1\/2&#8243; tz_css_animation=&#8221;top-to-bottom&#8221; css=&#8221;.vc_custom_1487009442190{margin-bottom: 40px !important;}&#8221;][vc_column_text] Por m\u00e1s de 30 a\u00f1os CARGO EXPRESO se ha dedicado a cubrir eficientemente las necesidades de manejo de documentos, [&hellip;]<\/p>\n","protected":false},"author":1,"featured_media":0,"parent":0,"menu_order":0,"comment_status":"closed","ping_status":"closed","template":"template-homepage.php","meta":[],"_links":{"self":[{"href":"https:\/\/www2.cargoexpreso.com\/sv\/wp-json\/wp\/v2\/pages\/2737"}],"collection":[{"href":"https:\/\/www2.cargoexpreso.com\/sv\/wp-json\/wp\/v2\/pages"}],"about":[{"href":"https:\/\/www2.cargoexpreso.com\/sv\/wp-json\/wp\/v2\/types\/page"}],"author":[{"embeddable":true,"href":"https:\/\/www2.cargoexpreso.com\/sv\/wp-json\/wp\/v2\/users\/1"}],"replies":[{"embeddable":true,"href":"https:\/\/www2.cargoexpreso.com\/sv\/wp-json\/wp\/v2\/comments?post=2737"}],"version-history":[{"count":51,"href":"https:\/\/www2.cargoexpreso.com\/sv\/wp-json\/wp\/v2\/pages\/2737\/revisions"}],"predecessor-version":[{"id":3747,"href":"https:\/\/www2.cargoexpreso.com\/sv\/wp-json\/wp\/v2\/pages\/2737\/revisions\/3747"}],"wp:attachment":[{"href":"https:\/\/www2.cargoexpreso.com\/sv\/wp-json\/wp\/v2\/media?parent=2737"}],"curies":[{"name":"wp","href":"https:\/\/api.w.org\/{rel}","templated":true}]}}