






{"id":2768,"date":"2017-01-21T22:43:56","date_gmt":"2017-01-21T22:43:56","guid":{"rendered":"http:\/\/4amdigitals.com\/caex\/?page_id=2768"},"modified":"2018-05-03T21:01:13","modified_gmt":"2018-05-03T21:01:13","slug":"servicios","status":"publish","type":"page","link":"https:\/\/www2.cargoexpreso.com\/sv\/servicios\/","title":{"rendered":"Servicios"},"content":{"rendered":"<p>[vc_row][vc_column]\n<header class=\"tz-header tz-header-type-1\">\n    <div class=\"tz-headerTop\">\n    <div class=\"container\">\n      <div class=\"tz-headerTop-box\">\n        <div class=\"tz-headerLeft pull-left\">\n          <div class=\"tzheader_support\">\n\n\n                        <div class=\"tzheader_wpml\">\n                            <div id=\"lang_sel\">\n                <ul>\n                  <li> <a class=\"lang_sel_sel icl-en\" href=\"#\">  <img width=\"18\" hieght=\"12\" src=\"https:\/\/www2.cargoexpreso.com\/sv\/wp-content\/themes\/caex\/images\/salvador.png\" style=\"padding-right:5px\" \/>\n                    El Salvador                    <\/a>\n                    <ul>\n                      <li class=\"icl-vi\"> <a href=\"https:\/\/www.cargoexpreso.com\/\"> <img width=\"18\" hieght=\"12\" src=\"https:\/\/www2.cargoexpreso.com\/sv\/wp-content\/themes\/caex\/images\/guatemala.png\" \/>\n                        Guatemala                        <\/a> <a href=\"https:\/\/www2.cargoexpreso.com\/sv\/\"> <img width=\"18\" hieght=\"12\" src=\"https:\/\/www2.cargoexpreso.com\/sv\/wp-content\/themes\/caex\/images\/salvador.png\" \/>\n                        El Salvador                        <\/a> <a href=\"https:\/\/www2.cargoexpreso.com\/hn\/\"> <img width=\"18\" hieght=\"12\" src=\"https:\/\/www2.cargoexpreso.com\/sv\/wp-content\/themes\/caex\/images\/honduras.png\" \/>\n                        Honduras                        <\/a> <a href=\"https:\/\/www2.cargoexpreso.com\/cr\/\"> <img width=\"18\" hieght=\"12\" src=\"https:\/\/www2.cargoexpreso.com\/sv\/wp-content\/themes\/caex\/images\/costarica.png\" \/>\n                        Costa Rica                        <\/a> <\/li>\n                    <\/ul>\n                  <\/li>\n                <\/ul>\n\n              <\/div>\n\n\n\n                          <\/div> <a style=\"background-color:#b22c3f; color:#ffffff; margin-left: 20px; margin-top: 7px; float: left\" class=\"vc_general vc_btn3 vc_btn3-size-xs vc_btn3-shape-rounded vc_btn3-style-custom\" href=\"https:\/\/www2.cargoexpreso.com\/sv\/cotizador\/\" title=\"\" target=\"_self\">Realiza tu env\u00edo<\/a>\n                                              <\/div>\n        <\/div>\n        <div class=\"tz-headerRight pull-right\">\n          <div class=\"tzheader_support\">\n                        \n\n\n           <\/div>\n        <\/div>\n        <div class=\"tz-headerRight pull-right\">\n\n         <form action=\"https:\/\/www2.cargoexpreso.com\/sv\/tracking\/\" method=\"get\">\n\t\t<button style=\"background:#AD2B3D; color:#FFF; border:none; border-radius: 1px; vertical-align: middle; font-size:12px; height:28px; line-height: 28px; float:right; position:relative; top:1px; left:-2px\" type=\"submit\"><img src=\"https:\/\/www2.cargoexpreso.com\/sv\/wp-content\/themes\/caex\/template_inc\/darrow_right.png\" style=\"height:16px; vertical-align:middle\"><\/button>\n              <input id=\"idguia\" class=\"full\" type=\"text\" placeholder=\"Ingresa tu n\u00famero de gu\u00eda\" name=\"guia\" >\n\t\t<div id=\"tooltipGuia\" style=\"position: relative; display: none; z-index:10; text-align:center\"><div style=\"position: absolute; top:35px; width:100%; text-aling:center; font-size:12px; background: #333E65; padding: 5px; color:#FFF; border-radius: 3px; box-shadow: 1px 1px 2px rgba(0.30,0,0,0)\">Ingresar el n\u00famero de gu\u00eda completo<br>(incluir las letras SE\/CD\/SS\/SC\/ o WW)<\/div><\/div>\n         <\/form>\n          <ul class=\"tzheader_social\">\n\n\n                                                                                                                                              <\/ul>\n        <\/div>\n      <\/div>\n    <\/div>\n    <!--end class container-->\n  <\/div>\n      <div class=\"tz-headerBottom \">\n    <div class=\"tz-headerBottom-box container\">\n            <a class=\"pull-left tz_logo\" href=\"https:\/\/www2.cargoexpreso.com\/sv\" title=\"Cargo Expreso\" >\n      <img class=\"logo_lager\" src=\"https:\/\/www.cargoexpreso.com\/sv\/wp-content\/uploads\/2017\/01\/logo-4.png\" alt=\"Cargo Expreso\" \/>      <\/a>\n            <div class=\"tz-header-search pull-right\"> <span aria-hidden='true' class='icon_search tz_icon_search'><\/span> <span aria-hidden='true' class='icon_close tz_icon_close'><\/span>\n        <div class=\"tz-header-search-form\">\n              <form method=\"get\" class=\"searchform\" action=\"https:\/\/www2.cargoexpreso.com\/sv\/\">\r\n        <label class=\"icon-search\">&nbsp;<\/label>\r\n        <label class=\"assistive-text assistive-tzsearch\">Search<\/label>\r\n        <input type=\"text\" class=\"field Tzsearchform inputbox search-query\" name=\"s\" placeholder=\"Search...\" \/>\r\n        <input type=\"submit\" class=\"submit searchsubmit\" name=\"submit\" value=\"Search\" \/>\r\n        <span aria-hidden='true' class='icon_search'><\/span>\r\n    <\/form>\r\n        <\/div>\n      <\/div>\n      <button type=\"button\" class=\"navbar-toggle collapsed\" data-toggle=\"collapse\" data-target=\"#tz-navbar-collapse\"> <i class=\"fa fa-bars\"><\/i> <\/button>\n      <nav class=\"pull-right\">\n        <ul id=\"tz-navbar-collapse\" class=\"nav navbar-nav collapse navbar-collapse pull-left tz-nav themeple_megemenu\"><li id=\"menu-item-2760\" class=\"menu-item menu-item-type-post_type menu-item-object-page menu-item-home\"><a href=\"https:\/\/www2.cargoexpreso.com\/sv\/\">Inicio<\/a><\/li>\n<li id=\"menu-item-2771\" class=\"menu-item menu-item-type-post_type menu-item-object-page\"><a href=\"https:\/\/www2.cargoexpreso.com\/sv\/servicios\/\">Servicios<\/a><\/li>\n<li id=\"menu-item-2739\" class=\"menu-item menu-item-type-post_type menu-item-object-page\"><a href=\"https:\/\/www2.cargoexpreso.com\/sv\/quienes-somos\/\">Somos<\/a><\/li>\n<li id=\"menu-item-2744\" class=\"menu-item menu-item-type-post_type menu-item-object-page\"><a href=\"https:\/\/www2.cargoexpreso.com\/sv\/cotizador\/\">Cotizador<\/a><\/li>\n<li id=\"menu-item-3015\" class=\"menu-item menu-item-type-post_type menu-item-object-page\"><a href=\"https:\/\/www2.cargoexpreso.com\/sv\/agencias\/\">Agencias<\/a><\/li>\n<li id=\"menu-item-2725\" class=\"menu-item menu-item-type-post_type menu-item-object-page\"><a href=\"https:\/\/www2.cargoexpreso.com\/sv\/contacto\/\">Contacto<\/a><\/li>\n<li id=\"menu-item-3588\" class=\"menu-item menu-item-type-custom menu-item-object-custom\"><a href=\"https:\/\/ws.caexlogistics.com\/WebSolSer\/Login.aspx\">Portal<\/a><\/li>\n<\/ul>      <\/nav>\n    <\/div>\n    <!--end class container-->\n  <\/div>\n<\/header>\n[\/vc_column][\/vc_row][vc_row][vc_column css=&#8221;.vc_custom_1490922109531{margin-top: 150px !important;}&#8221;][vc_column_text css=&#8221;.vc_custom_1490919767568{padding-top: 200px !important;padding-bottom: 200px !important;background-image: url(https:\/\/www.cargoexpreso.com\/cr\/wp-content\/uploads\/2017\/01\/4.jpg?id=3618) !important;}&#8221;]<\/p>\n<h1 style=\"text-align: center;\"><strong><span style=\"color: #ffffff;\">SERVICIOS<\/span><\/strong><\/h1>\n<p>[\/vc_column_text][\/vc_column][\/vc_row][vc_row tz_row_type=&#8221;grid&#8221; css=&#8221;.vc_custom_1487804188988{margin-top: 80px !important;}&#8221;][vc_column tz_css_animation=&#8221;top-to-bottom&#8221;]\r\n    <div class=\"tzElement-title tz-title-type-3\">\r\r\n        \r\n            <span class=\"tzTitle\" >SERVICIOS <em>CARGO EXPRESO<\/em>\r\n            <\/span>\r\r\n            \r\n\r\r\n        \r\n\r\r\n        <p class=\"tzDescription\" ><\/p>\r\r\n    <\/div>\r\r\n    [vc_single_image image=&#8221;2701&#8243; img_size=&#8221;full&#8221; alignment=&#8221;center&#8221; css=&#8221;.vc_custom_1485023807641{margin-top: 10px !important;margin-bottom: 50px !important;}&#8221;][\/vc_column][\/vc_row][vc_row][vc_column width=&#8221;1\/2&#8243; tz_css_animation=&#8221;top-to-bottom&#8221; css=&#8221;.vc_custom_1490919494602{padding-top: 50px !important;padding-right: 50px !important;padding-left: 50px !important;background-image: url(https:\/\/www.cargoexpreso.com\/cr\/wp-content\/uploads\/2015\/12\/2.jpg?id=3613) !important;background-position: center !important;background-repeat: no-repeat !important;background-size: cover !important;}&#8221; el_class=&#8221;min-height&#8221;][vc_column_text]<\/p>\n<h2><span style=\"color: #ffffff;\">Servicio Est\u00e1ndard<\/span><\/h2>\n<p><span style=\"color: #ffffff;\">Entregamos sus env\u00edos en el transcurso del siguiente d\u00eda h\u00e1bil, en las cabeceras departamentales, principales municipios y ciudades de todo El Salvador, as\u00ed como entregas lejanas bajo cobertura. Esta es una opci\u00f3n segura y econ\u00f3mica para el env\u00edo de cartas, documentos, paqueter\u00eda, mobiliario, repuestos o lo que necesite enviar a nivel nacional. <\/span>[\/vc_column_text][\/vc_column][vc_column width=&#8221;1\/2&#8243; tz_css_animation=&#8221;top-to-bottom&#8221; css=&#8221;.vc_custom_1490919502989{padding-top: 50px !important;padding-right: 50px !important;padding-left: 50px !important;background-image: url(https:\/\/www.cargoexpreso.com\/cr\/wp-content\/uploads\/2015\/12\/1.png?id=3611) !important;background-position: center !important;background-repeat: no-repeat !important;background-size: cover !important;}&#8221; el_class=&#8221;min-height&#8221;][vc_column_text]<\/p>\n<h2><span style=\"color: #ffffff;\">Servicio Especial<\/span><\/h2>\n<p><span style=\"color: #ffffff;\">Entrega garantizada antes de las 10:00 hrs del siguiente d\u00eda h\u00e1bil en donde est\u00e9 disponible el servicio. Este servicio est\u00e1 dise\u00f1ado para env\u00edos urgentes, los cuales son procesados con prioridad y no pueden esperar. Incluye servicio de recolecci\u00f3n hasta las 18:00 hrs, de lunes a viernes y hasta las 12:00hrs en s\u00e1bados.<\/span>[\/vc_column_text][\/vc_column][\/vc_row][vc_row][vc_column el_class=&#8221;min-height&#8221; css=&#8221;.vc_custom_1491929446658{padding-top: 50px !important;padding-right: 50px !important;padding-left: 50px !important;background-image: url(https:\/\/www.cargoexpreso.com\/sv\/wp-content\/uploads\/2017\/01\/bg.jpg?id=3616) !important;background-position: center !important;background-repeat: no-repeat !important;background-size: cover !important;}&#8221;][vc_column_text]<\/p>\n<h2><span style=\"color: #ffffff;\">Servicio Same Day Plus<\/span><\/h2>\n<p><span style=\"color: #ffffff;\">Entrega diferenciada el mismo d\u00eda antes de las 18:00 hrs en el Area del Gran San Salvador. Este servicio est\u00e1 dise\u00f1ado para env\u00edos urgentes, recolectados de lunes a viernes antes de las 10:30hrs dependiendo la zona de recolecci\u00f3n y entregado por la tarde a partir de las 14:00hrs hasta las 18:00hrs. Servicio aplica para entregas Bulto Cerrado.<\/span>[\/vc_column_text][\/vc_column][\/vc_row][vc_row css=&#8221;.vc_custom_1485380552143{background-position: center !important;background-repeat: no-repeat !important;background-size: cover !important;}&#8221; el_class=&#8221;min-height&#8221;][vc_column width=&#8221;1\/2&#8243; tz_css_animation=&#8221;top-to-bottom&#8221; css=&#8221;.vc_custom_1487009371767{padding-top: 50px !important;padding-right: 50px !important;padding-left: 50px !important;background-image: url(https:\/\/www.cargoexpreso.com\/cr\/\/wp-content\/uploads\/2015\/12\/bg3.jpg?id=3076) !important;background-position: center !important;background-repeat: no-repeat !important;background-size: cover !important;}&#8221; el_class=&#8221;min-height&#8221;][vc_column_text]<\/p>\n<h2><span style=\"color: #ffffff;\">Servicio C.O.D.<\/span><\/h2>\n<p><span style=\"color: #ffffff;\">Se realiza la entrega de su env\u00edo y se COBRA el valor de la mercader\u00eda que se est\u00e1 entregando al destinatario. Posteriormente le entregaremos una liquidaci\u00f3n de los cobros efectuados. Este servicio est\u00e1 dise\u00f1ado para empresas que buscan atender a sus clientes de forma r\u00e1pida y eficiente, y a la vez libera los recursos de la misma ya que nosotros nos hacemos cargo de recibir y liquidar los pagos. \u201calgunas restricciones aplican\u201d-<\/span>[\/vc_column_text][\/vc_column][vc_column width=&#8221;1\/2&#8243; tz_css_animation=&#8221;top-to-bottom&#8221; css=&#8221;.vc_custom_1490920686259{padding-top: 50px !important;padding-right: 50px !important;padding-left: 50px !important;background-image: url(https:\/\/www.cargoexpreso.com\/cr\/wp-content\/uploads\/2015\/12\/bg5-1-1.jpg?id=3624) !important;background-position: center !important;background-repeat: no-repeat !important;background-size: cover !important;}&#8221; el_class=&#8221;min-height&#8221;][vc_column_text]<\/p>\n<h2><span style=\"color: #ffffff;\">Servicio Collect<\/span><\/h2>\n<p><span style=\"color: #ffffff;\">Opci\u00f3n de cobro del servicio al destinatario (receptor del env\u00edo).<\/span>[\/vc_column_text][\/vc_column][\/vc_row]<\/p>\n","protected":false},"excerpt":{"rendered":"<p>[vc_row][vc_column][\/vc_column][\/vc_row][vc_row][vc_column css=&#8221;.vc_custom_1490922109531{margin-top: 150px !important;}&#8221;][vc_column_text css=&#8221;.vc_custom_1490919767568{padding-top: 200px !important;padding-bottom: 200px !important;background-image: url(https:\/\/www.cargoexpreso.com\/cr\/wp-content\/uploads\/2017\/01\/4.jpg?id=3618) !important;}&#8221;] SERVICIOS [\/vc_column_text][\/vc_column][\/vc_row][vc_row tz_row_type=&#8221;grid&#8221; css=&#8221;.vc_custom_1487804188988{margin-top: 80px !important;}&#8221;][vc_column tz_css_animation=&#8221;top-to-bottom&#8221;][vc_single_image image=&#8221;2701&#8243; img_size=&#8221;full&#8221; alignment=&#8221;center&#8221; css=&#8221;.vc_custom_1485023807641{margin-top: 10px !important;margin-bottom: 50px !important;}&#8221;][\/vc_column][\/vc_row][vc_row][vc_column width=&#8221;1\/2&#8243; tz_css_animation=&#8221;top-to-bottom&#8221; css=&#8221;.vc_custom_1490919494602{padding-top: 50px !important;padding-right: 50px !important;padding-left: 50px !important;background-image: url(https:\/\/www.cargoexpreso.com\/cr\/wp-content\/uploads\/2015\/12\/2.jpg?id=3613) !important;background-position: center !important;background-repeat: no-repeat !important;background-size: cover !important;}&#8221; el_class=&#8221;min-height&#8221;][vc_column_text] Servicio Est\u00e1ndard Entregamos sus env\u00edos en el transcurso del siguiente d\u00eda [&hellip;]<\/p>\n","protected":false},"author":1,"featured_media":0,"parent":0,"menu_order":0,"comment_status":"closed","ping_status":"closed","template":"template-homepage.php","meta":[],"_links":{"self":[{"href":"https:\/\/www2.cargoexpreso.com\/sv\/wp-json\/wp\/v2\/pages\/2768"}],"collection":[{"href":"https:\/\/www2.cargoexpreso.com\/sv\/wp-json\/wp\/v2\/pages"}],"about":[{"href":"https:\/\/www2.cargoexpreso.com\/sv\/wp-json\/wp\/v2\/types\/page"}],"author":[{"embeddable":true,"href":"https:\/\/www2.cargoexpreso.com\/sv\/wp-json\/wp\/v2\/users\/1"}],"replies":[{"embeddable":true,"href":"https:\/\/www2.cargoexpreso.com\/sv\/wp-json\/wp\/v2\/comments?post=2768"}],"version-history":[{"count":75,"href":"https:\/\/www2.cargoexpreso.com\/sv\/wp-json\/wp\/v2\/pages\/2768\/revisions"}],"predecessor-version":[{"id":3746,"href":"https:\/\/www2.cargoexpreso.com\/sv\/wp-json\/wp\/v2\/pages\/2768\/revisions\/3746"}],"wp:attachment":[{"href":"https:\/\/www2.cargoexpreso.com\/sv\/wp-json\/wp\/v2\/media?parent=2768"}],"curies":[{"name":"wp","href":"https:\/\/api.w.org\/{rel}","templated":true}]}}